{"id":417,"date":"2024-08-26T13:25:05","date_gmt":"2024-08-26T11:25:05","guid":{"rendered":"https:\/\/prof-leischik-kardiologie.de\/?page_id=417"},"modified":"2026-02-04T17:39:33","modified_gmt":"2026-02-04T16:39:33","slug":"impressum","status":"publish","type":"page","link":"https:\/\/prof-leischik-kardiologie.de\/?page_id=417","title":{"rendered":"Impressum"},"content":{"rendered":"<p>[et_pb_section fb_built=&#8220;1&#8243; _builder_version=&#8220;4.27.5&#8243; _module_preset=&#8220;default&#8220; background_color=&#8220;gcid-c9e7280a-923a-4700-87e1-88e2541ee9af&#8220; background_enable_image=&#8220;off&#8220; parallax=&#8220;on&#8220; background_enable_video_mp4=&#8220;off&#8220; background_enable_video_webm=&#8220;off&#8220; background_video_width=&#8220;100%&#8220; background_video_pause_outside_viewport=&#8220;off&#8220; background_enable_mask_style=&#8220;on&#8220; background_mask_style=&#8220;diagonal-pills&#8220; background_mask_color=&#8220;gcid-secondary-color&#8220; background_mask_transform=&#8220;flip_vertical|rotate_90_degree&#8220; background_mask_size=&#8220;cover&#8220; custom_padding=&#8220;4px||19px|||&#8220; global_colors_info=&#8220;{%22gcid-secondary-color%22:%91%22background_mask_color%22%93,%22gcid-c9e7280a-923a-4700-87e1-88e2541ee9af%22:%91%22background_color%22%93}&#8220;][et_pb_row _builder_version=&#8220;4.27.4&#8243; _module_preset=&#8220;default&#8220; background_enable_color=&#8220;off&#8220; use_background_color_gradient=&#8220;on&#8220; background_color_gradient_stops=&#8220;rgba(226,226,226,0.9) 0%|rgba(112,112,112,0.68) 100%&#8220; custom_margin=&#8220;-4px|auto|10px|auto|false|false&#8220; custom_padding=&#8220;30px|30px|23px|57px|false|false&#8220; border_radii=&#8220;off|||30px|30px&#8220; border_width_right=&#8220;20px&#8220; border_color_right=&#8220;gcid-body-color&#8220; border_width_bottom=&#8220;20px&#8220; border_color_bottom=&#8220;gcid-body-color&#8220; border_width_left=&#8220;2px&#8220; border_color_left=&#8220;#FFFFFF&#8220; box_shadow_style=&#8220;preset2&#8243; global_colors_info=&#8220;{%22gcid-body-color%22:%91%22border_color_bottom%22,%22border_color_right%22%93}&#8220;][et_pb_column type=&#8220;4_4&#8243; _builder_version=&#8220;4.21.0&#8243; _module_preset=&#8220;default&#8220; global_colors_info=&#8220;{}&#8220;][et_pb_text _builder_version=&#8220;4.27.0&#8243; _module_preset=&#8220;default&#8220; text_text_color=&#8220;#FFFFFF&#8220; header_font=&#8220;Aleo||||||||&#8220; header_text_color=&#8220;gcid-c9e7280a-923a-4700-87e1-88e2541ee9af&#8220; header_font_size=&#8220;50px&#8220; custom_margin=&#8220;19px||0px|||&#8220; custom_padding=&#8220;||14px|||&#8220; global_colors_info=&#8220;{%22gcid-c9e7280a-923a-4700-87e1-88e2541ee9af%22:%91%22header_text_color%22%93}&#8220;]<\/p>\n<h1><strong>Impressum<br \/><\/strong><\/h1>\n<p>[\/et_pb_text][et_pb_text _builder_version=&#8220;4.27.4&#8243; _module_preset=&#8220;default&#8220; text_font=&#8220;Aleo|700|||||||&#8220; text_text_color=&#8220;#000000&#8243; custom_margin=&#8220;||24px|||&#8220; custom_padding=&#8220;1px|||||&#8220; global_colors_info=&#8220;{}&#8220;]<\/p>\n<div class=\"u_1200594367 dmNewParagraph\" data-element-type=\"paragraph\" data-version=\"5\" id=\"1200594367\" style=\"transition: none 0s ease 0s; text-align: left; display: block;\">\n<p>&nbsp;<\/p>\n<p>Privatpraxis f\u00fcr Kardiologie und Sportmedizin<br \/>Professor Dr. med. Roman Leischik<\/p>\n<p>Termine nach Vereinbarung<\/p>\n<p>Hagener Str.14 <span style=\"font-size: 14px;\">\u00a0<\/span><\/p>\n<p>58285 Gevelsberg<\/p>\n<p>02332 5533444<\/p>\n<p>Die Berufsbezeichnung von Professor Dr. med. Roman Leischik ist:<br \/>Arzt, \u00c4rztliche Pr\u00fcfung Universit\u00e4t D\u00fcsseldorf,\u00a0<\/p>\n<p>Facharzt f\u00fcr Innere Medizin, erworben\u00a0 \u00c4rztekammer Nordrhein<\/p>\n<p>Facharzt f\u00fcr Kardiologie erworben\u00a0 \u00c4rztekammer Nordrhein<\/p>\n<p>Zust\u00e4ndige \u00c4rztekammer : Westfalen-Lippe<\/p>\n<p>Es gelten insbesondere folgende berufsrechtliche Regelungen:<br \/>\u2013 Berufsordnung der \u00c4rztekammer Westfalen-Lippe (\u00c4KWL)<br \/>\u2013 Heilberufsgesetz Nordrhein-Westfalen (HeilBerG NRW)<br \/>Die Regelungen sind abrufbar auf den Webseiten der zust\u00e4ndigen \u00c4rztekammer (\u00c4KWL) und der zust\u00e4ndigen Landesstelle.<\/p>\n<p>Offizielle Zusatzspezialisierungen<br \/>(\u00c4rztekammer Westfalen-Lippe gepr\u00fcft):<br \/>Sportmedizin, Ern\u00e4hrungsmedizin, Verkehrsmedzinische Begutachtung<br \/>Offizielle Bef\u00e4higung Fachkunde Notfallmedizin\/ Rettungsarzt<br \/>(incl 4 Jahre Intensivstation \/ 3 Jahre Notarzt \/ Einsatzerfahrung)<\/p>\n<p>Die Berechtigungen dieser Berufsbezeichnung zu f\u00fchren, wurde in Deutschland erworben.<\/p>\n<p>HaftungshinwHaftung f\u00fcr Links<br \/>Diese Website enth\u00e4lt Links zu externen Websites Dritter. Auf deren Inhalte habe ich keinen Einfluss. F\u00fcr die Inhalte der verlinkten Seiten ist stets der jeweilige Anbieter oder Betreiber verantwortlich. Bei Bekanntwerden von Rechtsverletzungen werden derartige Links umgehend entfernt.<\/p>\n<p>Es wird keine Gew\u00e4hr f\u00fcr Funktionalit\u00e4t, Aktualit\u00e4t und Richtigkeit der Links \u00fcbernommen. Da wir keinerlei Einflu\u00df auf den Inhalt und die Gestaltung anderer Internetseiten haben, wird f\u00fcr Gestaltung und Inhalte der Web-Sites, zu denen ein Link besteht, keine Verantwortung \u00fcbernommen, insbesondere distanzieren wir uns ausdr\u00fccklich von m\u00f6glichen rechts- oder sittenwidrigen Inhalten (darunter fallen auch Werbung und Links auf diesen Seiten) und Gestaltungen der Internetseiten, zu denen wir einen Link gesetzt haben. Diese Erkl\u00e4rung gilt selbstverst\u00e4ndlich f\u00fcr alle Links und Hyperlinks auf www.dr-leischik.de, oder <a href=\"https:\/\/www.prof-leischik-kardiologie.de\">www.prof-leischik-kardiologie.de<\/a> oder www.kardiologie.online<\/p>\n<p>&nbsp;<\/p>\n<\/div>\n<p>[\/et_pb_text][\/et_pb_column][\/et_pb_row][\/et_pb_section]<\/p>\n","protected":false},"excerpt":{"rendered":"<p>Impressum &nbsp; Privatpraxis f\u00fcr Kardiologie und SportmedizinProfessor Dr. med. Roman Leischik Termine nach Vereinbarung Hagener Str.14 \u00a0 58285 Gevelsberg 02332 5533444 Die Berufsbezeichnung von Professor Dr. med. Roman Leischik ist:Arzt, \u00c4rztliche Pr\u00fcfung Universit\u00e4t D\u00fcsseldorf,\u00a0 Facharzt f\u00fcr Innere Medizin, erworben\u00a0 \u00c4rztekammer Nordrhein Facharzt f\u00fcr Kardiologie erworben\u00a0 \u00c4rztekammer Nordrhein Zust\u00e4ndige \u00c4rztekammer : Westfalen-Lippe Es gelten insbesondere folgende [&hellip;]<\/p>\n","protected":false},"author":2,"featured_media":0,"parent":0,"menu_order":0,"comment_status":"closed","ping_status":"closed","template":"","meta":{"_et_pb_use_builder":"on","_et_pb_old_content":"","_et_gb_content_width":"","footnotes":""},"class_list":["post-417","page","type-page","status-publish","hentry"],"_links":{"self":[{"href":"https:\/\/prof-leischik-kardiologie.de\/index.php?rest_route=\/wp\/v2\/pages\/417","targetHints":{"allow":["GET"]}}],"collection":[{"href":"https:\/\/prof-leischik-kardiologie.de\/index.php?rest_route=\/wp\/v2\/pages"}],"about":[{"href":"https:\/\/prof-leischik-kardiologie.de\/index.php?rest_route=\/wp\/v2\/types\/page"}],"author":[{"embeddable":true,"href":"https:\/\/prof-leischik-kardiologie.de\/index.php?rest_route=\/wp\/v2\/users\/2"}],"replies":[{"embeddable":true,"href":"https:\/\/prof-leischik-kardiologie.de\/index.php?rest_route=%2Fwp%2Fv2%2Fcomments&post=417"}],"version-history":[{"count":15,"href":"https:\/\/prof-leischik-kardiologie.de\/index.php?rest_route=\/wp\/v2\/pages\/417\/revisions"}],"predecessor-version":[{"id":1051,"href":"https:\/\/prof-leischik-kardiologie.de\/index.php?rest_route=\/wp\/v2\/pages\/417\/revisions\/1051"}],"wp:attachment":[{"href":"https:\/\/prof-leischik-kardiologie.de\/index.php?rest_route=%2Fwp%2Fv2%2Fmedia&parent=417"}],"curies":[{"name":"wp","href":"https:\/\/api.w.org\/{rel}","templated":true}]}}