{"id":394,"date":"2024-08-20T15:56:29","date_gmt":"2024-08-20T13:56:29","guid":{"rendered":"https:\/\/prof-leischik-kardiologie.de\/?page_id=394"},"modified":"2025-12-26T18:59:30","modified_gmt":"2025-12-26T17:59:30","slug":"innere-medizin","status":"publish","type":"page","link":"https:\/\/prof-leischik-kardiologie.de\/?page_id=394","title":{"rendered":"Innere Medizin"},"content":{"rendered":"<p>[et_pb_section fb_built=&#8220;1&#8243; _builder_version=&#8220;4.27.0&#8243; _module_preset=&#8220;default&#8220; background_color=&#8220;gcid-c9e7280a-923a-4700-87e1-88e2541ee9af&#8220; background_enable_image=&#8220;off&#8220; parallax=&#8220;on&#8220; background_enable_video_mp4=&#8220;off&#8220; background_enable_video_webm=&#8220;off&#8220; background_video_width=&#8220;100%&#8220; background_video_pause_outside_viewport=&#8220;off&#8220; background_enable_mask_style=&#8220;on&#8220; background_mask_style=&#8220;diagonal-pills&#8220; background_mask_color=&#8220;gcid-secondary-color&#8220; background_mask_transform=&#8220;flip_vertical|rotate_90_degree&#8220; background_mask_size=&#8220;cover&#8220; min_height=&#8220;1325.1px&#8220; custom_padding=&#8220;4px||19px|||&#8220; global_colors_info=&#8220;{%22gcid-secondary-color%22:%91%22background_mask_color%22%93,%22gcid-c9e7280a-923a-4700-87e1-88e2541ee9af%22:%91%22background_color%22%93}&#8220;][et_pb_row column_structure=&#8220;1_2,1_2&#8243; _builder_version=&#8220;4.27.0&#8243; _module_preset=&#8220;default&#8220; background_enable_color=&#8220;off&#8220; use_background_color_gradient=&#8220;on&#8220; background_color_gradient_stops=&#8220;rgba(226,226,226,0.9) 0%|rgba(112,112,112,0.68) 100%&#8220; custom_margin=&#8220;-4px|auto|10px|auto|false|false&#8220; custom_padding=&#8220;30px|30px|23px|30px|false|false&#8220; border_radii=&#8220;off|||30px|30px&#8220; border_width_right=&#8220;20px&#8220; border_color_right=&#8220;gcid-body-color&#8220; border_width_bottom=&#8220;20px&#8220; border_color_bottom=&#8220;gcid-body-color&#8220; border_width_left=&#8220;2px&#8220; border_color_left=&#8220;#FFFFFF&#8220; box_shadow_style=&#8220;preset2&#8243; global_colors_info=&#8220;{%22gcid-body-color%22:%91%22border_color_bottom%22,%22border_color_right%22%93}&#8220;][et_pb_column type=&#8220;1_2&#8243; _builder_version=&#8220;4.21.0&#8243; _module_preset=&#8220;default&#8220; global_colors_info=&#8220;{}&#8220;][et_pb_text _builder_version=&#8220;4.27.0&#8243; _module_preset=&#8220;default&#8220; text_text_color=&#8220;#FFFFFF&#8220; header_font=&#8220;Aleo||||||||&#8220; header_text_color=&#8220;gcid-c9e7280a-923a-4700-87e1-88e2541ee9af&#8220; header_font_size=&#8220;50px&#8220; custom_margin=&#8220;19px||0px|||&#8220; custom_padding=&#8220;||14px|||&#8220; global_colors_info=&#8220;{%22gcid-c9e7280a-923a-4700-87e1-88e2541ee9af%22:%91%22header_text_color%22%93}&#8220;]<\/p>\n<h1><strong>Innere Medizin<br \/><\/strong><\/h1>\n<p>[\/et_pb_text][et_pb_text _builder_version=&#8220;4.27.4&#8243; _module_preset=&#8220;default&#8220; text_font=&#8220;Aleo|700|||||||&#8220; text_text_color=&#8220;#000000&#8243; custom_margin=&#8220;||24px|||&#8220; custom_padding=&#8220;1px|||||&#8220; global_colors_info=&#8220;{}&#8220;]<\/p>\n<div class=\"u_1200594367 dmNewParagraph\" data-element-type=\"paragraph\" data-version=\"5\" id=\"1200594367\" style=\"transition: none 0s ease 0s; text-align: left; display: block;\">\n<h3>Ihre Anlaufstelle f\u00fcr die Innere Medizin<\/h3>\n<p>Wir diagnostizieren und behandeln kompetent und professionell im Bereich der Inneren Medizin. Unser Schwerpunkt liegt dabei auf der Diagnose und Behandlung des Schw\u00e4che (Fatigue)-Syndroms.<\/p>\n<p>Unsere Praxis ist insbesondere auch spezialisiert auf Diagnostik und Therapie bei Leistungsabfall und Schw\u00e4chesyndrom, auch Fatigue-Syndrom genannt.<\/p>\n<p>Ein Schw\u00e4chesyndrom kann z. B. durch eine versteckte virale oder bakterielle Infektion ausgel\u00f6st werden. Bekannt sind hier insbesondere Infektionen mit Chlamydia pneumoniae, dem Epstein-Barr-Virus, Coxsackie-Viren oder Adenoviren. K\u00fcrzlich neu hinzugekommen ist das Schw\u00e4chesyndrom nach einer Infektion mit dem Corona-Virus (Sars-CoV-2) (Covid \/ Corona -Antik\u00f6rperbestimmung) oder man muss nach Autoimmun-Erkrankungen suchen (Lupus,, Rheumatoide Erkrankungen, Vaskulitiden, etc. )<\/p>\n<p>Es ist oft eine ausgedehnte Laborkontrolle erforderlich (Lymphozytenpopulation ,\u00a0 Autoimmunantik\u00f6rper, spezielle Interleukine und Interleukin Rezeptoren, Tumormarker etc)<\/p>\n<p>Es muss eine Reihe von Antik\u00f6rpern bestimmt werden (verschiedene Viren) wie auch spezielle Parameter, welche auf eine Entz\u00fcndungssituation im K\u00f6rper hinweisen.<\/p>\n<p>Im Hinblick auf eine floride Entz\u00fcndungssituation m\u00fcssen nicht nur der CRP-Wert und die Leukozyten bestimmt werden, sondern auch eine Reihe weiterer Parameter (Interleukine etc.)<\/p>\n<p>Leistungsabbau und -schw\u00e4che kann verschiedene Ursachen haben: eine abgelaufene Infektion, eine Autoimmunerkrankung oder auch eine Tumorerkrankung. Es ist Fingerspitzengef\u00fchl gefragt. Langzeiterfahrung und diverse Nachuntersuchungen sind notwendig. Zun\u00e4chst muss jedoch ein individuelles Informationsgespr\u00e4ch erfolgen, was zur Abkl\u00e4rung diverser internistischer Erkrankungen dient.<\/p>\n<p>Bestehen bei Ihnen Leistungsabbau und -schw\u00e4che, sprechen Sie uns gerne einfach bei Ihrer Vorstellung in der Praxis an. Wir freuen uns auf Sie<\/p>\n<\/div>\n<p>[\/et_pb_text][\/et_pb_column][et_pb_column type=&#8220;1_2&#8243; _builder_version=&#8220;4.27.0&#8243; _module_preset=&#8220;default&#8220; background_enable_color=&#8220;off&#8220; global_colors_info=&#8220;{}&#8220;][et_pb_image src=&#8220;https:\/\/prof-leischik-kardiologie.de\/wp-content\/uploads\/2025\/12\/arztxfrau01.jpeg&#8220; alt=&#8220;Eine pers\u00f6nliches Gespr\u00e4ch und Erkl\u00e4rung ist fast das Wichtigste in der Medizin&#8220; title_text=&#8220;arztxfrau01&#8243; force_fullwidth=&#8220;on&#8220; _builder_version=&#8220;4.27.5&#8243; _module_preset=&#8220;default&#8220; module_alignment=&#8220;center&#8220; custom_margin=&#8220;31px|||||&#8220; hover_enabled=&#8220;0&#8243; border_width_all=&#8220;4px&#8220; border_color_all=&#8220;#000000&#8243; global_colors_info=&#8220;{}&#8220; sticky_enabled=&#8220;0&#8243;][\/et_pb_image][\/et_pb_column][\/et_pb_row][\/et_pb_section][et_pb_section fb_built=&#8220;1&#8243; _builder_version=&#8220;4.27.4&#8243; _module_preset=&#8220;default&#8220; background_color=&#8220;gcid-secondary-color&#8220; custom_padding=&#8220;46px|||||&#8220; border_radii=&#8220;off||||&#8220; global_module=&#8220;510&#8243; saved_tabs=&#8220;all&#8220; global_colors_info=&#8220;{%22gcid-secondary-color%22:%91%22background_color%22%93}&#8220;][et_pb_row column_structure=&#8220;1_2,1_2&#8243; _builder_version=&#8220;4.27.4&#8243; _module_preset=&#8220;default&#8220; custom_padding=&#8220;20px|20px|20px|20px|false|false&#8220; global_colors_info=&#8220;{}&#8220;][et_pb_column type=&#8220;1_2&#8243; _builder_version=&#8220;4.21.0&#8243; _module_preset=&#8220;default&#8220; global_colors_info=&#8220;{}&#8220;][et_pb_text _builder_version=&#8220;4.27.5&#8243; _module_preset=&#8220;default&#8220; text_text_color=&#8220;#FFFFFF&#8220; header_font=&#8220;Aleo||||||||&#8220; header_text_color=&#8220;#FFFFFF&#8220; header_font_size=&#8220;60px&#8220; header_2_font=&#8220;|700|||||||&#8220; header_2_text_color=&#8220;#FFFFFF&#8220; header_2_line_height=&#8220;1.4em&#8220; global_colors_info=&#8220;{}&#8220;]<\/p>\n<h1>Kontakt<\/h1>\n<div class=\"et_pb_module et_pb_text et_pb_text_1_tb_footer  et_pb_text_align_left et_pb_bg_layout_light\">\n<div class=\"et_pb_text_inner\">\n<p><strong>Privatpraxis f\u00fcr Kardiologie und Sportmedizin<\/strong><br \/><strong>Professor Dr. med. Roman Leischik<\/strong><\/p>\n<p><strong>Hagener Str.14<\/strong><br \/><strong>58285 Gevelsberg<\/strong><\/p>\n<p><strong><\/strong><\/p>\n<h2><strong>+49 2332 55 33 444<\/strong><\/h2>\n<\/div>\n<\/div>\n<p>[\/et_pb_text][\/et_pb_column][et_pb_column type=&#8220;1_2&#8243; _builder_version=&#8220;4.21.0&#8243; _module_preset=&#8220;default&#8220; global_colors_info=&#8220;{}&#8220;][et_pb_contact_form captcha=&#8220;off&#8220; email=&#8220;info@kardiologie-leis-xa5fcgrftu.live-website.com&#8220; custom_message=&#8220;Nachricht vom Clinca Portcolom Kontaktformular||et_pb_line_break_holder||||et_pb_line_break_holder||Name: %%Name%%||et_pb_line_break_holder||Telefon: %%Telefon%%||et_pb_line_break_holder||Email: %%Email%%||et_pb_line_break_holder||||et_pb_line_break_holder||Nachricht: ||et_pb_line_break_holder||%%Nachricht%%&#8220; success_message=&#8220;Herzlichen Dank f\u00fcr Ihre Nachricht. Wir k\u00fcmmern uns schnellstm\u00f6glich darum!&#8220; submit_button_text=&#8220;Senden&#8220; _builder_version=&#8220;4.27.4&#8243; _module_preset=&#8220;default&#8220; _unique_id=&#8220;a399491b-8e7a-4051-beee-aeaf199ae47b&#8220; custom_button=&#8220;on&#8220; button_text_color=&#8220;#FFFFFF&#8220; global_colors_info=&#8220;{}&#8220;][et_pb_contact_field field_id=&#8220;Name&#8220; field_title=&#8220;Name&#8220; fullwidth_field=&#8220;on&#8220; _builder_version=&#8220;4.27.4&#8243; global_colors_info=&#8220;{}&#8220; button_text_size__hover_enabled=&#8220;off&#8220; button_one_text_size__hover_enabled=&#8220;off&#8220; button_two_text_size__hover_enabled=&#8220;off&#8220; button_text_color__hover_enabled=&#8220;off&#8220; button_one_text_color__hover_enabled=&#8220;off&#8220; button_two_text_color__hover_enabled=&#8220;off&#8220; button_border_width__hover_enabled=&#8220;off&#8220; button_one_border_width__hover_enabled=&#8220;off&#8220; button_two_border_width__hover_enabled=&#8220;off&#8220; button_border_color__hover_enabled=&#8220;off&#8220; button_one_border_color__hover_enabled=&#8220;off&#8220; button_two_border_color__hover_enabled=&#8220;off&#8220; button_border_radius__hover_enabled=&#8220;off&#8220; button_one_border_radius__hover_enabled=&#8220;off&#8220; button_two_border_radius__hover_enabled=&#8220;off&#8220; button_letter_spacing__hover_enabled=&#8220;off&#8220; button_one_letter_spacing__hover_enabled=&#8220;off&#8220; button_two_letter_spacing__hover_enabled=&#8220;off&#8220; button_bg_color__hover_enabled=&#8220;off&#8220; button_one_bg_color__hover_enabled=&#8220;off&#8220; button_two_bg_color__hover_enabled=&#8220;off&#8220;][\/et_pb_contact_field][et_pb_contact_field field_id=&#8220;Telefon&#8220; field_title=&#8220;Telefon&#8220; fullwidth_field=&#8220;on&#8220; _builder_version=&#8220;4.27.4&#8243; global_colors_info=&#8220;{}&#8220; button_text_size__hover_enabled=&#8220;off&#8220; button_one_text_size__hover_enabled=&#8220;off&#8220; button_two_text_size__hover_enabled=&#8220;off&#8220; button_text_color__hover_enabled=&#8220;off&#8220; button_one_text_color__hover_enabled=&#8220;off&#8220; button_two_text_color__hover_enabled=&#8220;off&#8220; button_border_width__hover_enabled=&#8220;off&#8220; button_one_border_width__hover_enabled=&#8220;off&#8220; button_two_border_width__hover_enabled=&#8220;off&#8220; button_border_color__hover_enabled=&#8220;off&#8220; button_one_border_color__hover_enabled=&#8220;off&#8220; button_two_border_color__hover_enabled=&#8220;off&#8220; button_border_radius__hover_enabled=&#8220;off&#8220; button_one_border_radius__hover_enabled=&#8220;off&#8220; button_two_border_radius__hover_enabled=&#8220;off&#8220; button_letter_spacing__hover_enabled=&#8220;off&#8220; button_one_letter_spacing__hover_enabled=&#8220;off&#8220; button_two_letter_spacing__hover_enabled=&#8220;off&#8220; button_bg_color__hover_enabled=&#8220;off&#8220; button_one_bg_color__hover_enabled=&#8220;off&#8220; button_two_bg_color__hover_enabled=&#8220;off&#8220;][\/et_pb_contact_field][et_pb_contact_field field_id=&#8220;Email&#8220; field_title=&#8220;E-Mail-Adresse&#8220; field_type=&#8220;email&#8220; fullwidth_field=&#8220;on&#8220; _builder_version=&#8220;4.27.4&#8243; global_colors_info=&#8220;{}&#8220; button_text_size__hover_enabled=&#8220;off&#8220; button_one_text_size__hover_enabled=&#8220;off&#8220; button_two_text_size__hover_enabled=&#8220;off&#8220; button_text_color__hover_enabled=&#8220;off&#8220; button_one_text_color__hover_enabled=&#8220;off&#8220; button_two_text_color__hover_enabled=&#8220;off&#8220; button_border_width__hover_enabled=&#8220;off&#8220; button_one_border_width__hover_enabled=&#8220;off&#8220; button_two_border_width__hover_enabled=&#8220;off&#8220; button_border_color__hover_enabled=&#8220;off&#8220; button_one_border_color__hover_enabled=&#8220;off&#8220; button_two_border_color__hover_enabled=&#8220;off&#8220; button_border_radius__hover_enabled=&#8220;off&#8220; button_one_border_radius__hover_enabled=&#8220;off&#8220; button_two_border_radius__hover_enabled=&#8220;off&#8220; button_letter_spacing__hover_enabled=&#8220;off&#8220; button_one_letter_spacing__hover_enabled=&#8220;off&#8220; button_two_letter_spacing__hover_enabled=&#8220;off&#8220; button_bg_color__hover_enabled=&#8220;off&#8220; button_one_bg_color__hover_enabled=&#8220;off&#8220; button_two_bg_color__hover_enabled=&#8220;off&#8220;][\/et_pb_contact_field][et_pb_contact_field field_id=&#8220;Nachricht&#8220; field_title=&#8220;Nachricht&#8220; field_type=&#8220;text&#8220; fullwidth_field=&#8220;on&#8220; _builder_version=&#8220;4.27.4&#8243; global_colors_info=&#8220;{}&#8220; button_text_size__hover_enabled=&#8220;off&#8220; button_one_text_size__hover_enabled=&#8220;off&#8220; button_two_text_size__hover_enabled=&#8220;off&#8220; button_text_color__hover_enabled=&#8220;off&#8220; button_one_text_color__hover_enabled=&#8220;off&#8220; button_two_text_color__hover_enabled=&#8220;off&#8220; button_border_width__hover_enabled=&#8220;off&#8220; button_one_border_width__hover_enabled=&#8220;off&#8220; button_two_border_width__hover_enabled=&#8220;off&#8220; button_border_color__hover_enabled=&#8220;off&#8220; button_one_border_color__hover_enabled=&#8220;off&#8220; button_two_border_color__hover_enabled=&#8220;off&#8220; button_border_radius__hover_enabled=&#8220;off&#8220; button_one_border_radius__hover_enabled=&#8220;off&#8220; button_two_border_radius__hover_enabled=&#8220;off&#8220; button_letter_spacing__hover_enabled=&#8220;off&#8220; button_one_letter_spacing__hover_enabled=&#8220;off&#8220; button_two_letter_spacing__hover_enabled=&#8220;off&#8220; button_bg_color__hover_enabled=&#8220;off&#8220; button_one_bg_color__hover_enabled=&#8220;off&#8220; button_two_bg_color__hover_enabled=&#8220;off&#8220;][\/et_pb_contact_field][\/et_pb_contact_form][\/et_pb_column][\/et_pb_row][\/et_pb_section]<\/p>\n","protected":false},"excerpt":{"rendered":"<p>Innere Medizin Ihre Anlaufstelle f\u00fcr die Innere Medizin Wir diagnostizieren und behandeln kompetent und professionell im Bereich der Inneren Medizin. Unser Schwerpunkt liegt dabei auf der Diagnose und Behandlung des Schw\u00e4che (Fatigue)-Syndroms. Unsere Praxis ist insbesondere auch spezialisiert auf Diagnostik und Therapie bei Leistungsabfall und Schw\u00e4chesyndrom, auch Fatigue-Syndrom genannt. Ein Schw\u00e4chesyndrom kann z. B. durch [&hellip;]<\/p>\n","protected":false},"author":2,"featured_media":674,"parent":0,"menu_order":0,"comment_status":"closed","ping_status":"closed","template":"","meta":{"_et_pb_use_builder":"on","_et_pb_old_content":"","_et_gb_content_width":"","footnotes":""},"class_list":["post-394","page","type-page","status-publish","has-post-thumbnail","hentry"],"_links":{"self":[{"href":"https:\/\/prof-leischik-kardiologie.de\/index.php?rest_route=\/wp\/v2\/pages\/394","targetHints":{"allow":["GET"]}}],"collection":[{"href":"https:\/\/prof-leischik-kardiologie.de\/index.php?rest_route=\/wp\/v2\/pages"}],"about":[{"href":"https:\/\/prof-leischik-kardiologie.de\/index.php?rest_route=\/wp\/v2\/types\/page"}],"author":[{"embeddable":true,"href":"https:\/\/prof-leischik-kardiologie.de\/index.php?rest_route=\/wp\/v2\/users\/2"}],"replies":[{"embeddable":true,"href":"https:\/\/prof-leischik-kardiologie.de\/index.php?rest_route=%2Fwp%2Fv2%2Fcomments&post=394"}],"version-history":[{"count":15,"href":"https:\/\/prof-leischik-kardiologie.de\/index.php?rest_route=\/wp\/v2\/pages\/394\/revisions"}],"predecessor-version":[{"id":848,"href":"https:\/\/prof-leischik-kardiologie.de\/index.php?rest_route=\/wp\/v2\/pages\/394\/revisions\/848"}],"wp:featuredmedia":[{"embeddable":true,"href":"https:\/\/prof-leischik-kardiologie.de\/index.php?rest_route=\/wp\/v2\/media\/674"}],"wp:attachment":[{"href":"https:\/\/prof-leischik-kardiologie.de\/index.php?rest_route=%2Fwp%2Fv2%2Fmedia&parent=394"}],"curies":[{"name":"wp","href":"https:\/\/api.w.org\/{rel}","templated":true}]}}