{"id":319,"date":"2024-08-18T18:19:19","date_gmt":"2024-08-18T16:19:19","guid":{"rendered":"https:\/\/prof-leischik-kardiologie.de\/?page_id=319"},"modified":"2026-02-11T00:23:12","modified_gmt":"2026-02-10T23:23:12","slug":"publikationen","status":"publish","type":"page","link":"https:\/\/prof-leischik-kardiologie.de\/?page_id=319","title":{"rendered":"Publikationen"},"content":{"rendered":"<p>[et_pb_section fb_built=&#8220;1&#8243; _builder_version=&#8220;4.27.4&#8243; _module_preset=&#8220;default&#8220; background_color=&#8220;gcid-c9e7280a-923a-4700-87e1-88e2541ee9af&#8220; background_enable_image=&#8220;off&#8220; parallax=&#8220;on&#8220; background_enable_video_mp4=&#8220;off&#8220; background_enable_video_webm=&#8220;off&#8220; background_video_width=&#8220;100%&#8220; background_video_pause_outside_viewport=&#8220;off&#8220; background_enable_mask_style=&#8220;on&#8220; background_mask_style=&#8220;diagonal-pills&#8220; background_mask_color=&#8220;gcid-secondary-color&#8220; background_mask_transform=&#8220;flip_vertical|rotate_90_degree&#8220; background_mask_size=&#8220;cover&#8220; custom_padding=&#8220;4px||19px|||&#8220; global_colors_info=&#8220;{%22gcid-secondary-color%22:%91%22background_mask_color%22%93,%22gcid-c9e7280a-923a-4700-87e1-88e2541ee9af%22:%91%22background_color%22%93}&#8220;][et_pb_row column_structure=&#8220;3_5,2_5&#8243; _builder_version=&#8220;4.27.0&#8243; _module_preset=&#8220;default&#8220; background_enable_color=&#8220;off&#8220; use_background_color_gradient=&#8220;on&#8220; background_color_gradient_stops=&#8220;rgba(226,226,226,0.9) 0%|rgba(112,112,112,0.68) 100%&#8220; background_image=&#8220;https:\/\/prof-leischik-kardiologie.de\/wp-content\/uploads\/2024\/08\/publikationen.jpg&#8220; custom_margin=&#8220;-7px|auto|10px|auto|false|false&#8220; custom_padding=&#8220;20px|30px|400px|60px|false|false&#8220; border_radii=&#8220;off|||30px|30px&#8220; border_width_right=&#8220;20px&#8220; border_color_right=&#8220;gcid-body-color&#8220; border_width_bottom=&#8220;20px&#8220; border_color_bottom=&#8220;gcid-body-color&#8220; border_width_left=&#8220;2px&#8220; border_color_left=&#8220;#FFFFFF&#8220; box_shadow_style=&#8220;preset2&#8243; global_colors_info=&#8220;{%22gcid-body-color%22:%91%22border_color_bottom%22,%22border_color_right%22%93}&#8220;][et_pb_column type=&#8220;3_5&#8243; _builder_version=&#8220;4.21.0&#8243; _module_preset=&#8220;default&#8220; global_colors_info=&#8220;{}&#8220;][et_pb_cta title=&#8220;\u00a0 \u00a0 Prof. Leischik geh\u00f6rt zu den meist zitierten Lehrkr\u00e4ften der Universit\u00e4t Witten-Herdecke und gilt in Deutschland als Verfasser der meisten sportmedizinischen Publikationen genaueres siehe Google Scholar:&#8220; button_url=&#8220;https:\/\/scholar.google.de\/citations?hl=de&#038;user=4nuocZ8AAAAJ&#038;view_op=list_works&#038;sortby=pubdate&#8220; url_new_window=&#8220;on&#8220; button_text=&#8220;Weitere Informationen&#8220; _builder_version=&#8220;4.27.4&#8243; _module_preset=&#8220;default&#8220; header_font=&#8220;Aleo|700|||||||&#8220; header_text_color=&#8220;#0C71C3&#8243; background_color=&#8220;rgba(255,255,255,0.87)&#8220; custom_button=&#8220;on&#8220; button_text_color=&#8220;#0C71C3&#8243; button_bg_color=&#8220;#FFFFFF&#8220; button_border_width=&#8220;2px&#8220; button_border_radius=&#8220;10px&#8220; custom_margin=&#8220;100px||-159px||false|false&#8220; custom_padding=&#8220;|70px||||&#8220; border_radii=&#8220;on|20px|20px|20px|20px&#8220; border_width_all=&#8220;4px&#8220; border_color_all=&#8220;#E02B20&#8243; global_colors_info=&#8220;{}&#8220;]<\/p>\n<h2>Professor Dr. med. Roman Leischik einfach klicken \ud83d\ude42<\/h2>\n<p>&nbsp;<\/p>\n<p>[\/et_pb_cta][\/et_pb_column][et_pb_column type=&#8220;2_5&#8243; _builder_version=&#8220;4.27.0&#8243; _module_preset=&#8220;default&#8220; background_enable_color=&#8220;off&#8220; global_colors_info=&#8220;{}&#8220;][\/et_pb_column][\/et_pb_row][\/et_pb_section][et_pb_section fb_built=&#8220;1&#8243; _builder_version=&#8220;4.27.5&#8243; _module_preset=&#8220;default&#8220; background_color=&#8220;#590000&#8243; custom_padding=&#8220;0px||1px|||&#8220; border_radii=&#8220;off||||&#8220; global_module=&#8220;510&#8243; saved_tabs=&#8220;all&#8220; global_colors_info=&#8220;{}&#8220;][et_pb_row column_structure=&#8220;1_2,1_2&#8243; _builder_version=&#8220;4.27.5&#8243; _module_preset=&#8220;default&#8220; background_enable_color=&#8220;off&#8220; use_background_color_gradient=&#8220;on&#8220; background_color_gradient_stops=&#8220;#e2e2e2 0%|rgba(112,112,112,0.92) 99%&#8220; custom_margin=&#8220;30px||||false|false&#8220; custom_padding=&#8220;30px|20px|20px|20px|false|false&#8220; border_radii=&#8220;off|30px|30px|30px|30px&#8220; border_width_top=&#8220;3px&#8220; border_color_top=&#8220;#FFFFFF&#8220; border_width_right=&#8220;20px&#8220; border_color_right=&#8220;gcid-body-color&#8220; border_width_bottom=&#8220;20px&#8220; border_color_bottom=&#8220;gcid-body-color&#8220; border_style_bottom=&#8220;none&#8220; border_width_left=&#8220;2px&#8220; border_color_left=&#8220;#FFFFFF&#8220; global_colors_info=&#8220;{%22gcid-body-color%22:%91%22border_color_bottom%22,%22border_color_right%22,%22border_color_right%22,%22border_color_bottom%22,%22border_color_right%22,%22border_color_right%22,%22border_color_right%22,%22border_color_right%22%93}&#8220;][et_pb_column type=&#8220;1_2&#8243; _builder_version=&#8220;4.21.0&#8243; _module_preset=&#8220;default&#8220; global_colors_info=&#8220;{}&#8220;][et_pb_text _builder_version=&#8220;4.27.5&#8243; _module_preset=&#8220;default&#8220; text_text_color=&#8220;#000000&#8243; header_font=&#8220;Aleo||||||||&#8220; header_text_color=&#8220;#000000&#8243; header_font_size=&#8220;60px&#8220; header_2_font=&#8220;|700|||||||&#8220; header_2_text_color=&#8220;#FFFFFF&#8220; header_2_line_height=&#8220;1.4em&#8220; global_colors_info=&#8220;{}&#8220;]<\/p>\n<h1>Kontakt<\/h1>\n<div class=\"et_pb_module et_pb_text et_pb_text_1_tb_footer  et_pb_text_align_left et_pb_bg_layout_light\">\n<div class=\"et_pb_text_inner\">\n<p><strong>Privatpraxis f\u00fcr Kardiologie und Sportmedizin<\/strong><br \/><strong>Professor Dr. med. Roman Leischik<\/strong><\/p>\n<p><strong style=\"font-size: 14px;\">Hagener Str.14<\/strong><\/p>\n<p><strong>58285 Gevelsberg<\/strong><\/p>\n<p><strong>Hinweis zum Datenschutz: Bitte keine sensiblen Gesundheitsdaten \u00fcber das Kontaktformular \u00fcbermitteln. F\u00fcr medizinische Anliegen nutzen Sie bitte am besten Telefon oder einen vereinbarten Termin. Mit dem Absenden Ihrer Nachricht werden Ihre\u00a0 Angaben zur Bearbeitung der Anfrage verarbeitet. Weitere Informationen finden Sie\u00a0 in der Datenschutzerkl\u00e4rung.<\/strong><strong> <\/strong><strong style=\"font-size: 14px;\">Kontaktieren Sie uns oder Buchen Sie einen Termin telefonisch. Online Termin \u00fcber die Homepage ist ebenfalls buchbar.\u00a0<\/strong><strong style=\"font-size: 14px;\"><\/strong><\/p>\n<h2 style=\"text-align: left;\"><a href=\"tel:+4923325533444\"><span style=\"color: #000000;\">Tel: +49 2332 55 33 444<\/span><\/a><\/h2>\n<h2><span style=\"color: #000000;\">Fax: +49 2332 173 49 78<\/span><\/h2>\n<p><strong><\/strong><\/p>\n<\/div>\n<\/div>\n<p>[\/et_pb_text][et_pb_button button_text=&#8220;Online Termin vereinbaren&#8220; module_class=&#8220;schedule-agenda&#8220; _builder_version=&#8220;4.27.5&#8243; _module_preset=&#8220;default&#8220; custom_button=&#8220;on&#8220; button_text_size=&#8220;18px&#8220; button_bg_color=&#8220;#E02B20&#8243; button_border_width=&#8220;2px&#8220; button_border_radius=&#8220;10px&#8220; button_icon=&#8220;&#x3d;||divi||400&#8243; button_text_shadow_style=&#8220;preset1&#8243; global_colors_info=&#8220;{}&#8220;][\/et_pb_button][\/et_pb_column][et_pb_column type=&#8220;1_2&#8243; _builder_version=&#8220;4.21.0&#8243; _module_preset=&#8220;default&#8220; global_colors_info=&#8220;{}&#8220;][et_pb_contact_form captcha=&#8220;off&#8220; email=&#8220;info@kardiologie-leis-xa5fcgrftu.live-website.com&#8220; custom_message=&#8220;Nachricht vom Clinca Portcolom Kontaktformular||et_pb_line_break_holder||||et_pb_line_break_holder||Name: %%Name%%||et_pb_line_break_holder||Telefon: %%Telefon%%||et_pb_line_break_holder||Email: %%Email%%||et_pb_line_break_holder||||et_pb_line_break_holder||Nachricht: ||et_pb_line_break_holder||%%Nachricht%%&#8220; success_message=&#8220;Herzlichen Dank f\u00fcr Ihre Nachricht. Wir k\u00fcmmern uns schnellstm\u00f6glich darum!&#8220; submit_button_text=&#8220;Senden&#8220; _builder_version=&#8220;4.27.5&#8243; _module_preset=&#8220;default&#8220; _unique_id=&#8220;a399491b-8e7a-4051-beee-aeaf199ae47b&#8220; custom_button=&#8220;on&#8220; button_text_color=&#8220;#FFFFFF&#8220; width=&#8220;98%&#8220; min_height=&#8220;349px&#8220; custom_margin=&#8220;||-84px|||&#8220; border_width_all=&#8220;1px&#8220; global_colors_info=&#8220;{}&#8220;][et_pb_contact_field field_id=&#8220;Name&#8220; field_title=&#8220;Name&#8220; fullwidth_field=&#8220;on&#8220; _builder_version=&#8220;4.27.4&#8243; global_colors_info=&#8220;{}&#8220; button_text_size__hover_enabled=&#8220;off&#8220; button_one_text_size__hover_enabled=&#8220;off&#8220; button_two_text_size__hover_enabled=&#8220;off&#8220; button_text_color__hover_enabled=&#8220;off&#8220; button_one_text_color__hover_enabled=&#8220;off&#8220; button_two_text_color__hover_enabled=&#8220;off&#8220; button_border_width__hover_enabled=&#8220;off&#8220; button_one_border_width__hover_enabled=&#8220;off&#8220; button_two_border_width__hover_enabled=&#8220;off&#8220; button_border_color__hover_enabled=&#8220;off&#8220; button_one_border_color__hover_enabled=&#8220;off&#8220; button_two_border_color__hover_enabled=&#8220;off&#8220; button_border_radius__hover_enabled=&#8220;off&#8220; button_one_border_radius__hover_enabled=&#8220;off&#8220; button_two_border_radius__hover_enabled=&#8220;off&#8220; button_letter_spacing__hover_enabled=&#8220;off&#8220; button_one_letter_spacing__hover_enabled=&#8220;off&#8220; button_two_letter_spacing__hover_enabled=&#8220;off&#8220; button_bg_color__hover_enabled=&#8220;off&#8220; button_one_bg_color__hover_enabled=&#8220;off&#8220; button_two_bg_color__hover_enabled=&#8220;off&#8220;][\/et_pb_contact_field][et_pb_contact_field field_id=&#8220;Telefon&#8220; field_title=&#8220;Telefon&#8220; fullwidth_field=&#8220;on&#8220; _builder_version=&#8220;4.27.4&#8243; global_colors_info=&#8220;{}&#8220; button_text_size__hover_enabled=&#8220;off&#8220; button_one_text_size__hover_enabled=&#8220;off&#8220; button_two_text_size__hover_enabled=&#8220;off&#8220; button_text_color__hover_enabled=&#8220;off&#8220; button_one_text_color__hover_enabled=&#8220;off&#8220; button_two_text_color__hover_enabled=&#8220;off&#8220; button_border_width__hover_enabled=&#8220;off&#8220; button_one_border_width__hover_enabled=&#8220;off&#8220; button_two_border_width__hover_enabled=&#8220;off&#8220; button_border_color__hover_enabled=&#8220;off&#8220; button_one_border_color__hover_enabled=&#8220;off&#8220; button_two_border_color__hover_enabled=&#8220;off&#8220; button_border_radius__hover_enabled=&#8220;off&#8220; button_one_border_radius__hover_enabled=&#8220;off&#8220; button_two_border_radius__hover_enabled=&#8220;off&#8220; button_letter_spacing__hover_enabled=&#8220;off&#8220; button_one_letter_spacing__hover_enabled=&#8220;off&#8220; button_two_letter_spacing__hover_enabled=&#8220;off&#8220; button_bg_color__hover_enabled=&#8220;off&#8220; button_one_bg_color__hover_enabled=&#8220;off&#8220; button_two_bg_color__hover_enabled=&#8220;off&#8220;][\/et_pb_contact_field][et_pb_contact_field field_id=&#8220;Email&#8220; field_title=&#8220;E-Mail-Adresse&#8220; field_type=&#8220;email&#8220; fullwidth_field=&#8220;on&#8220; _builder_version=&#8220;4.27.4&#8243; global_colors_info=&#8220;{}&#8220; button_text_size__hover_enabled=&#8220;off&#8220; button_one_text_size__hover_enabled=&#8220;off&#8220; button_two_text_size__hover_enabled=&#8220;off&#8220; button_text_color__hover_enabled=&#8220;off&#8220; button_one_text_color__hover_enabled=&#8220;off&#8220; button_two_text_color__hover_enabled=&#8220;off&#8220; button_border_width__hover_enabled=&#8220;off&#8220; button_one_border_width__hover_enabled=&#8220;off&#8220; button_two_border_width__hover_enabled=&#8220;off&#8220; button_border_color__hover_enabled=&#8220;off&#8220; button_one_border_color__hover_enabled=&#8220;off&#8220; button_two_border_color__hover_enabled=&#8220;off&#8220; button_border_radius__hover_enabled=&#8220;off&#8220; button_one_border_radius__hover_enabled=&#8220;off&#8220; button_two_border_radius__hover_enabled=&#8220;off&#8220; button_letter_spacing__hover_enabled=&#8220;off&#8220; button_one_letter_spacing__hover_enabled=&#8220;off&#8220; button_two_letter_spacing__hover_enabled=&#8220;off&#8220; button_bg_color__hover_enabled=&#8220;off&#8220; button_one_bg_color__hover_enabled=&#8220;off&#8220; button_two_bg_color__hover_enabled=&#8220;off&#8220;][\/et_pb_contact_field][et_pb_contact_field field_id=&#8220;Nachricht&#8220; field_title=&#8220;Nachricht&#8220; field_type=&#8220;text&#8220; fullwidth_field=&#8220;on&#8220; _builder_version=&#8220;4.27.4&#8243; global_colors_info=&#8220;{}&#8220; button_text_size__hover_enabled=&#8220;off&#8220; button_one_text_size__hover_enabled=&#8220;off&#8220; button_two_text_size__hover_enabled=&#8220;off&#8220; button_text_color__hover_enabled=&#8220;off&#8220; button_one_text_color__hover_enabled=&#8220;off&#8220; button_two_text_color__hover_enabled=&#8220;off&#8220; button_border_width__hover_enabled=&#8220;off&#8220; button_one_border_width__hover_enabled=&#8220;off&#8220; button_two_border_width__hover_enabled=&#8220;off&#8220; button_border_color__hover_enabled=&#8220;off&#8220; button_one_border_color__hover_enabled=&#8220;off&#8220; button_two_border_color__hover_enabled=&#8220;off&#8220; button_border_radius__hover_enabled=&#8220;off&#8220; button_one_border_radius__hover_enabled=&#8220;off&#8220; button_two_border_radius__hover_enabled=&#8220;off&#8220; button_letter_spacing__hover_enabled=&#8220;off&#8220; button_one_letter_spacing__hover_enabled=&#8220;off&#8220; button_two_letter_spacing__hover_enabled=&#8220;off&#8220; button_bg_color__hover_enabled=&#8220;off&#8220; button_one_bg_color__hover_enabled=&#8220;off&#8220; button_two_bg_color__hover_enabled=&#8220;off&#8220;][\/et_pb_contact_field][\/et_pb_contact_form][\/et_pb_column][\/et_pb_row][\/et_pb_section]<\/p>\n","protected":false},"excerpt":{"rendered":"<p>Professor Dr. med. Roman Leischik einfach klicken \ud83d\ude42 &nbsp;Kontakt Privatpraxis f\u00fcr Kardiologie und SportmedizinProfessor Dr. med. Roman Leischik Hagener Str.14 58285 Gevelsberg Hinweis zum Datenschutz: Bitte keine sensiblen Gesundheitsdaten \u00fcber das Kontaktformular \u00fcbermitteln. F\u00fcr medizinische Anliegen nutzen Sie bitte am besten Telefon oder einen vereinbarten Termin. Mit dem Absenden Ihrer Nachricht werden Ihre\u00a0 Angaben zur [&hellip;]<\/p>\n","protected":false},"author":2,"featured_media":0,"parent":0,"menu_order":0,"comment_status":"closed","ping_status":"closed","template":"","meta":{"_et_pb_use_builder":"on","_et_pb_old_content":"","_et_gb_content_width":"","footnotes":""},"class_list":["post-319","page","type-page","status-publish","hentry"],"_links":{"self":[{"href":"https:\/\/prof-leischik-kardiologie.de\/index.php?rest_route=\/wp\/v2\/pages\/319","targetHints":{"allow":["GET"]}}],"collection":[{"href":"https:\/\/prof-leischik-kardiologie.de\/index.php?rest_route=\/wp\/v2\/pages"}],"about":[{"href":"https:\/\/prof-leischik-kardiologie.de\/index.php?rest_route=\/wp\/v2\/types\/page"}],"author":[{"embeddable":true,"href":"https:\/\/prof-leischik-kardiologie.de\/index.php?rest_route=\/wp\/v2\/users\/2"}],"replies":[{"embeddable":true,"href":"https:\/\/prof-leischik-kardiologie.de\/index.php?rest_route=%2Fwp%2Fv2%2Fcomments&post=319"}],"version-history":[{"count":14,"href":"https:\/\/prof-leischik-kardiologie.de\/index.php?rest_route=\/wp\/v2\/pages\/319\/revisions"}],"predecessor-version":[{"id":1101,"href":"https:\/\/prof-leischik-kardiologie.de\/index.php?rest_route=\/wp\/v2\/pages\/319\/revisions\/1101"}],"wp:attachment":[{"href":"https:\/\/prof-leischik-kardiologie.de\/index.php?rest_route=%2Fwp%2Fv2%2Fmedia&parent=319"}],"curies":[{"name":"wp","href":"https:\/\/api.w.org\/{rel}","templated":true}]}}